{"id":13,"date":"2016-01-05T17:19:54","date_gmt":"2016-01-05T17:19:54","guid":{"rendered":"http:\/\/www.jannkickler.de\/mesa\/?page_id=13"},"modified":"2026-02-23T21:31:37","modified_gmt":"2026-02-23T21:31:37","slug":"impressum","status":"publish","type":"page","link":"https:\/\/www.alte-schule-suellwarden.de\/?page_id=13","title":{"rendered":"Impressum"},"content":{"rendered":"\n<div class=\"wp-block-group is-vertical is-layout-flex wp-container-core-group-is-layout-8cf370e7 wp-block-group-is-layout-flex\">\n<div class=\"wp-block-group is-vertical is-layout-flex wp-container-core-group-is-layout-8cf370e7 wp-block-group-is-layout-flex\">\n<p><strong><em>Unterkunft 1<\/em><\/strong><\/p>\n\n\n\n<p>Sarah und David R\u00fchmann<br>Gebr\u00fcder-Grimm-Stra\u00dfe 11<br>33129 Delbr\u00fcck<br>E-Mail: wohnung1(at)alte-schule-suellwarden.de<\/p>\n\n\n\n<p><\/p>\n\n\n\n<p><\/p>\n<\/div>\n\n\n\n<p><strong><em>Unterkuft 3<\/em><\/strong><\/p>\n\n\n\n<p>Carolin und Gregor Wallus<br>Paul-Schlesiger-Str.26<br>46236 Bottrop<br>E-Mail: wohnung3(at)alte-schule-suellwarden.de<\/p>\n<\/div>\n\n\n\n<p>Inhaltlich Verantwortliche gem\u00e4\u00df \u00a7 6 MDStV: Carolin und Gregor Wallus, Sarah und David R\u00fchmann<\/p>\n\n\n\n<p>Haftungshinweis: Trotz sorgf\u00e4ltiger inhaltlicher<br>Kontrolle \u00fcbernehmen wir keine Haftung f\u00fcr die<br>Inhalte externer Links. F\u00fcr den Inhalt der verlinkten<br>Seiten sind ausschlie\u00dflich deren Betreiber<br>verantwortlich.<\/p>\n\n\n\n<p><\/p>\n","protected":false},"excerpt":{"rendered":"<p>Unterkunft 1 Sarah und David R\u00fchmannGebr\u00fcder-Grimm-Stra\u00dfe 1133129 Delbr\u00fcckE-Mail: wohnung1(at)alte-schule-suellwarden.de Unterkuft 3 Carolin und Gregor WallusPaul-Schlesiger-Str.2646236 BottropE-Mail: wohnung3(at)alte-schule-suellwarden.de Inhaltlich Verantwortliche gem\u00e4\u00df \u00a7 6 MDStV: Carolin und Gregor Wallus, Sarah und David R\u00fchmann Haftungshinweis: Trotz sorgf\u00e4ltiger inhaltlicherKontrolle \u00fcbernehmen wir keine Haftung f\u00fcr &hellip; <a href=\"https:\/\/www.alte-schule-suellwarden.de\/?page_id=13\">Weiterlesen <span class=\"meta-nav\">&rarr;<\/span><\/a><\/p>\n","protected":false},"author":1,"featured_media":0,"parent":0,"menu_order":0,"comment_status":"closed","ping_status":"closed","template":"sidebar-page.php","meta":{"jetpack_post_was_ever_published":false,"footnotes":""},"class_list":["post-13","page","type-page","status-publish","hentry"],"jetpack_sharing_enabled":true,"jetpack_shortlink":"https:\/\/wp.me\/P761Kd-d","jetpack-related-posts":[],"_links":{"self":[{"href":"https:\/\/www.alte-schule-suellwarden.de\/index.php?rest_route=\/wp\/v2\/pages\/13","targetHints":{"allow":["GET"]}}],"collection":[{"href":"https:\/\/www.alte-schule-suellwarden.de\/index.php?rest_route=\/wp\/v2\/pages"}],"about":[{"href":"https:\/\/www.alte-schule-suellwarden.de\/index.php?rest_route=\/wp\/v2\/types\/page"}],"author":[{"embeddable":true,"href":"https:\/\/www.alte-schule-suellwarden.de\/index.php?rest_route=\/wp\/v2\/users\/1"}],"replies":[{"embeddable":true,"href":"https:\/\/www.alte-schule-suellwarden.de\/index.php?rest_route=%2Fwp%2Fv2%2Fcomments&post=13"}],"version-history":[{"count":26,"href":"https:\/\/www.alte-schule-suellwarden.de\/index.php?rest_route=\/wp\/v2\/pages\/13\/revisions"}],"predecessor-version":[{"id":1626,"href":"https:\/\/www.alte-schule-suellwarden.de\/index.php?rest_route=\/wp\/v2\/pages\/13\/revisions\/1626"}],"wp:attachment":[{"href":"https:\/\/www.alte-schule-suellwarden.de\/index.php?rest_route=%2Fwp%2Fv2%2Fmedia&parent=13"}],"curies":[{"name":"wp","href":"https:\/\/api.w.org\/{rel}","templated":true}]}}